{"id":10,"date":"2026-02-20T12:38:19","date_gmt":"2026-02-20T11:38:19","guid":{"rendered":"https:\/\/test.mpaywall.com\/?page_id=10"},"modified":"2026-02-20T12:38:19","modified_gmt":"2026-02-20T11:38:19","slug":"blad-platnosci","status":"publish","type":"page","link":"https:\/\/test.mpaywall.com\/?page_id=10","title":{"rendered":"B\u0142\u0105d p\u0142atno\u015bci"},"content":{"rendered":"<h2>P\u0142atno\u015b\u0107 nie powiod\u0142a si\u0119<\/h2>\n<p>Spr\u00f3buj ponownie lub skontaktuj si\u0119 z nami.<\/p>\n","protected":false},"excerpt":{"rendered":"<p>P\u0142atno\u015b\u0107 nie powiod\u0142a si\u0119 Spr\u00f3buj ponownie lub skontaktuj si\u0119 z nami.<\/p>\n","protected":false},"author":0,"featured_media":0,"parent":0,"menu_order":0,"comment_status":"closed","ping_status":"closed","template":"","meta":{"footnotes":""},"class_list":["post-10","page","type-page","status-publish","hentry"],"_links":{"self":[{"href":"https:\/\/test.mpaywall.com\/index.php?rest_route=\/wp\/v2\/pages\/10","targetHints":{"allow":["GET"]}}],"collection":[{"href":"https:\/\/test.mpaywall.com\/index.php?rest_route=\/wp\/v2\/pages"}],"about":[{"href":"https:\/\/test.mpaywall.com\/index.php?rest_route=\/wp\/v2\/types\/page"}],"replies":[{"embeddable":true,"href":"https:\/\/test.mpaywall.com\/index.php?rest_route=%2Fwp%2Fv2%2Fcomments&post=10"}],"version-history":[{"count":0,"href":"https:\/\/test.mpaywall.com\/index.php?rest_route=\/wp\/v2\/pages\/10\/revisions"}],"wp:attachment":[{"href":"https:\/\/test.mpaywall.com\/index.php?rest_route=%2Fwp%2Fv2%2Fmedia&parent=10"}],"curies":[{"name":"wp","href":"https:\/\/api.w.org\/{rel}","templated":true}]}}